{"id":361,"date":"2014-09-02T12:06:56","date_gmt":"2014-09-02T12:06:56","guid":{"rendered":"https:\/\/www.cartonajessalinas.com\/?page_id=361"},"modified":"2020-06-16T09:51:17","modified_gmt":"2020-06-16T07:51:17","slug":"histoire","status":"publish","type":"page","link":"https:\/\/www.cartonajessalinas.com\/fr\/la-culture-dentreprise\/histoire\/","title":{"rendered":"Histoire"},"content":{"rendered":"<div id=\"lipsum\">\n<h3>Cartonajes Salinas est une entreprise cr\u00e9\u00e9e par elle-m\u00eame.<\/h3>\n<p>Depuis 1995, Cartonajes Salinas a mis des moyens en \u0153uvre et fait les efforts n\u00e9cessaires pour concr\u00e9tiser sa mission : devenir une entreprise de r\u00e9f\u00e9rence dans le monde de l&#8217;emballage de luxe en carton rigide rembord\u00e9.<\/p>\n<p>Ce leadership s\u2019est fond\u00e9 sur des principes tr\u00e8s forts de la culture de l&rsquo;effort, l\u2019investissement et l\u2019innovation.<\/p>\n<p>Ce fut un long voyage pour en arriver l\u00e0, comme pour toutes les entreprises qui ont d\u00fb vivre le passage au num\u00e9rique et s\u2019adapter en un temps record aux nouveaux mod\u00e8les de l\u2019industrie 4.0.<\/p>\n<p>Lorsque Cartonajes Salinas a vu le jour, nous \u00e9tions en pleine p\u00e9riode de distribution, le produit \u00e9tait au centre de nos priorit\u00e9s, la cl\u00e9 fondamentale du succ\u00e8s \u00e0 cette \u00e9poque \u00e9tait la technification de notre usine de production.<\/p>\n<p>Actuellement, \u00e0 Salinas, l\u2019ensemble du produit est fabriqu\u00e9 avec les machines les plus modernes du march\u00e9, nous permettant d\u2019\u00eatre tr\u00e8s comp\u00e9titifs et d&rsquo;atteindre un tr\u00e8s haut niveau d&rsquo;exp\u00e9rience.<\/p>\n<p>Cependant, aujourd\u2019hui, le client est prioritaire, et nos recherches sont ax\u00e9es sur l\u2019am\u00e9lioration de son exp\u00e9rience. Une exp\u00e9rience tr\u00e8s exigeante qui ne se limite pas seulement \u00e0 am\u00e9liorer notre service.<\/p>\n<p>Le client du XXI<sup>\u00e8me<\/sup> si\u00e8cle exige aux entreprises un engagement global en mati\u00e8re de produits et de services, mais aussi pour la soci\u00e9t\u00e9 et l\u2019environnement.<\/p>\n<p>En 2030, toute la main d&rsquo;\u0153uvre appartiendra essentiellement \u00e0 la g\u00e9n\u00e9ration dite millenials, une g\u00e9n\u00e9ration qui a grandi hyper stimul\u00e9e, hyper inform\u00e9e et hyper habitu\u00e9e \u00e0 l\u2019imm\u00e9diatet\u00e9. <strong>EFFICACIT\u00c9, TRANSPARENCE ET INNOVATION<\/strong> seront donc les concepts sur lesquels nous travaillerons pour affronter avec r\u00e9ussite une d\u00e9cennie de plus, toujours sans renoncer \u00e0 notre ADN, le caract\u00e8re d\u2019une entreprise familiale.<\/p>\n<p>Antonio Mart\u00ednez dirige cette entreprise depuis sa cr\u00e9ation en 1995. Son \u00e9quipe est constitu\u00e9e d\u2019un groupe de coordinateurs qui dirigent les diff\u00e9rents d\u00e9partements (Ressources Humaines, Production, Contr\u00f4le, D\u00e9veloppement, Marketing et design, Maintenance, Qualit\u00e9, Syst\u00e8mes, Finances et Achats) qui, \u00e0 leur tour, travaillent ensemble afin de ne jamais perdre la vision int\u00e9grale et compl\u00e8te de l\u2019entreprise, sa strat\u00e9gie et ses objectifs.<\/p>\n<p>Sous forme de discussion, nous parlons avec lui du pass\u00e9, du pr\u00e9sent et de l\u2019avenir de l\u2019entreprise :<\/p>\n<h3>Cartonajes Salinas est n\u00e9e en 1995,<\/h3>\n<h3>cependant, le business des bo\u00eetes trouve son origine dans ta famille, n\u2019est ce pas?<\/h3>\n<p>C\u2019est exact, mon p\u00e8re a commenc\u00e9 \u00e0 fabriquer des bo\u00eetes rembord\u00e9es pour le secteur de la chaussure (principale activit\u00e9 dans notre zone) vers les ann\u00e9es 60.<\/p>\n<p>J\u2019ai repris les affaires au d\u00e9but des ann\u00e9es 90, ce furent des ann\u00e9es avec beaucoup de changements jusqu\u2019\u00e0 ce que l\u2019on s\u2019\u00e9tablisse en tant que Cartonajes Salinas.<\/p>\n<h3>Au d\u00e9but, vous fabriquiez que des boites pour chaussures?<\/h3>\n<p>En effet, l\u2019entreprise est n\u00e9e pour offrir ses services \u00e0 l\u2019industrie de la chaussure qui, \u00e0 cette \u00e9poque, \u00e9tait en plein essor \u00e0 Elda. Elle constitue encore de nos jours l\u2019activit\u00e9 industrielle la plus importante de la zone. La chaussure continue d\u2019\u00eatre une partie significative de notre production mais avec des caract\u00e9ristiques diff\u00e9rentes de celles que l\u2019on retrouvait \u00e0 nos d\u00e9buts.<\/p>\n<h3>Comment s\u2019est produit le saut vers d\u2019autres secteurs?<\/h3>\n<p>Je me souviens de cette p\u00e9riode comme d\u2019une p\u00e9riode quelque peu dure car nous vivions ce conflit dont souffrent beaucoup d\u2019entreprises\u00a0: \u201cse renouveler ou mourir\u201d et moi, j\u2019avais envie de renouveau, de cr\u00e9er.<\/p>\n<p>Je me souviens parfaitement du jour o\u00f9 s\u2019est produit un d\u00e9clic dans ma t\u00eate. C\u2019\u00e9tait un dimanche en 1995, cela faisait quelques mois que nous \u00e9tions install\u00e9s \u00e0 Salinas et en d\u00e9cembre, dans un sp\u00e9cial du journal ABC (la revue Blanc et Noir), j\u2019ai lu\u00a0: \u00ab\u00a0lorsque les f\u00eates de Noel approchent, les maisons de parfumerie lancent au m\u00eame temps que leurs fragances, des coffrets avec plusieurs produits de la marque\u2026\u00a0\u00bb. La semaine suivante j\u2019allais dans les grands magasins o\u00f9 je d\u00e9tectais des secteurs et des produits avec lesquels nous pouvions travailler.<\/p>\n<p>A partir de ce moment, nous nous sommes concentr\u00e9 sur l\u2019activit\u00e9 commerciale et nous avons fait en sorte de nous faire conna\u00eetre, principalement \u00e0 Madrid et Barcelone o\u00f9 se trouvaient la plupart des entreprises d\u00e9di\u00e9es a la parfumerie et la cosm\u00e9tique\u2026<\/p>\n<p>Il nous a fallu huit ans pour atteindre notre objectif, \u00e0 savoir, faire fonctionner l\u2019entreprise afin de rendre possible l\u2019investissement en machines n\u00e9cessaire pour entrer dans ces secteurs.<\/p>\n<p>Avec le temps, je pense que beaucoup d\u2019aspects basiques des entreprises restent les m\u00eames. \u00c0 l\u2019\u00e9poque, l\u2019on pratiquait d\u00e9j\u00e0 le net-working, elevator, speach et marketing direct m\u00eame si ces pratiques ne portaient pas ces d\u00e9nominations.<\/p>\n<p>Il y en a d\u2019autres, comme l\u2019acc\u00e8s \u00e0 l\u2019information que j\u2019appr\u00e9cie sp\u00e9cialement et que je consid\u00e8re comme un des agents les plus importants de l\u2019acc\u00e9l\u00e9ration des changements que nous avons observ\u00e9 et v\u00e9cu ces derni\u00e8res ann\u00e9es.<\/p>\n<p>A partir de l\u00e0, la roue commence \u00e0 tourner, les investissements et les changements sont continus et constants.<\/p>\n<\/div>\n","protected":false},"excerpt":{"rendered":"<p>Cartonajes Salinas est une entreprise cr\u00e9\u00e9e par elle-m\u00eame. Depuis 1995, Cartonajes Salinas a mis des moyens en \u0153uvre et fait les efforts n\u00e9cessaires pour concr\u00e9tiser sa mission : devenir une entreprise de r\u00e9f\u00e9rence dans le monde de l&#8217;emballage de luxe en carton rigide rembord\u00e9. Ce leadership s\u2019est fond\u00e9 sur des principes tr\u00e8s forts de la [&hellip;]<\/p>\n","protected":false},"author":1,"featured_media":0,"parent":357,"menu_order":10,"comment_status":"open","ping_status":"closed","template":"page-leer_mas.php","meta":{"_exactmetrics_skip_tracking":false,"_exactmetrics_sitenote_active":false,"_exactmetrics_sitenote_note":"","_exactmetrics_sitenote_category":0,"footnotes":"","_links_to":"","_links_to_target":""},"class_list":["post-361","page","type-page","status-publish","hentry"],"yoast_head":"<!-- This site is optimized with the Yoast SEO plugin v26.4 - https:\/\/yoast.com\/wordpress\/plugins\/seo\/ -->\n<title>Histoire - Cartonajes Salinas<\/title>\n<meta name=\"description\" content=\"Depuis 1995,Salinas a mis les moyens et les efforts n\u00e9cessaires pour concr\u00e9tiser sa mission : devenir une entreprise de r\u00e9f\u00e9rence dans le monde de l&#039;emballage de luxe en carton rigide\" \/>\n<meta name=\"robots\" content=\"index, follow, max-snippet:-1, max-image-preview:large, max-video-preview:-1\" \/>\n<link rel=\"canonical\" href=\"https:\/\/www.cartonajessalinas.com\/fr\/la-culture-dentreprise\/histoire\/\" \/>\n<meta property=\"og:locale\" content=\"fr_FR\" \/>\n<meta property=\"og:type\" content=\"article\" \/>\n<meta property=\"og:title\" content=\"Histoire - Cartonajes Salinas\" \/>\n<meta property=\"og:description\" content=\"Depuis 1995,Salinas a mis les moyens et les efforts n\u00e9cessaires pour concr\u00e9tiser sa mission : devenir une entreprise de r\u00e9f\u00e9rence dans le monde de l&#039;emballage de luxe en carton rigide\" \/>\n<meta property=\"og:url\" content=\"https:\/\/www.cartonajessalinas.com\/fr\/la-culture-dentreprise\/histoire\/\" \/>\n<meta property=\"og:site_name\" content=\"Cartonajes Salinas\" \/>\n<meta property=\"article:modified_time\" content=\"2020-06-16T07:51:17+00:00\" \/>\n<meta name=\"twitter:card\" content=\"summary_large_image\" \/>\n<meta name=\"twitter:label1\" content=\"Dur\u00e9e de lecture estim\u00e9e\" \/>\n\t<meta name=\"twitter:data1\" content=\"4 minutes\" \/>\n<script type=\"application\/ld+json\" class=\"yoast-schema-graph\">{\"@context\":\"https:\/\/schema.org\",\"@graph\":[{\"@type\":\"WebPage\",\"@id\":\"https:\/\/www.cartonajessalinas.com\/fr\/la-culture-dentreprise\/histoire\/\",\"url\":\"https:\/\/www.cartonajessalinas.com\/fr\/la-culture-dentreprise\/histoire\/\",\"name\":\"Histoire - Cartonajes Salinas\",\"isPartOf\":{\"@id\":\"https:\/\/www.cartonajessalinas.com\/fr\/#website\"},\"datePublished\":\"2014-09-02T12:06:56+00:00\",\"dateModified\":\"2020-06-16T07:51:17+00:00\",\"description\":\"Depuis 1995,Salinas a mis les moyens et les efforts n\u00e9cessaires pour concr\u00e9tiser sa mission : devenir une entreprise de r\u00e9f\u00e9rence dans le monde de l'emballage de luxe en carton rigide\",\"breadcrumb\":{\"@id\":\"https:\/\/www.cartonajessalinas.com\/fr\/la-culture-dentreprise\/histoire\/#breadcrumb\"},\"inLanguage\":\"fr-FR\",\"potentialAction\":[{\"@type\":\"ReadAction\",\"target\":[\"https:\/\/www.cartonajessalinas.com\/fr\/la-culture-dentreprise\/histoire\/\"]}]},{\"@type\":\"BreadcrumbList\",\"@id\":\"https:\/\/www.cartonajessalinas.com\/fr\/la-culture-dentreprise\/histoire\/#breadcrumb\",\"itemListElement\":[{\"@type\":\"ListItem\",\"position\":1,\"name\":\"Home\",\"item\":\"https:\/\/www.cartonajessalinas.com\/fr\/\"},{\"@type\":\"ListItem\",\"position\":2,\"name\":\"Culture d&rsquo;entreprise\",\"item\":\"https:\/\/www.cartonajessalinas.com\/fr\/la-culture-dentreprise\/\"},{\"@type\":\"ListItem\",\"position\":3,\"name\":\"Histoire\"}]},{\"@type\":\"WebSite\",\"@id\":\"https:\/\/www.cartonajessalinas.com\/fr\/#website\",\"url\":\"https:\/\/www.cartonajessalinas.com\/fr\/\",\"name\":\"Cartonajes Salinas\",\"description\":\"Packaging de lujo. Cajas de cart\u00f3n.\",\"potentialAction\":[{\"@type\":\"SearchAction\",\"target\":{\"@type\":\"EntryPoint\",\"urlTemplate\":\"https:\/\/www.cartonajessalinas.com\/fr\/?s={search_term_string}\"},\"query-input\":{\"@type\":\"PropertyValueSpecification\",\"valueRequired\":true,\"valueName\":\"search_term_string\"}}],\"inLanguage\":\"fr-FR\"}]}<\/script>\n<!-- \/ Yoast SEO plugin. -->","yoast_head_json":{"title":"Histoire - Cartonajes Salinas","description":"Depuis 1995,Salinas a mis les moyens et les efforts n\u00e9cessaires pour concr\u00e9tiser sa mission : devenir une entreprise de r\u00e9f\u00e9rence dans le monde de l'emballage de luxe en carton rigide","robots":{"index":"index","follow":"follow","max-snippet":"max-snippet:-1","max-image-preview":"max-image-preview:large","max-video-preview":"max-video-preview:-1"},"canonical":"https:\/\/www.cartonajessalinas.com\/fr\/la-culture-dentreprise\/histoire\/","og_locale":"fr_FR","og_type":"article","og_title":"Histoire - Cartonajes Salinas","og_description":"Depuis 1995,Salinas a mis les moyens et les efforts n\u00e9cessaires pour concr\u00e9tiser sa mission : devenir une entreprise de r\u00e9f\u00e9rence dans le monde de l'emballage de luxe en carton rigide","og_url":"https:\/\/www.cartonajessalinas.com\/fr\/la-culture-dentreprise\/histoire\/","og_site_name":"Cartonajes Salinas","article_modified_time":"2020-06-16T07:51:17+00:00","twitter_card":"summary_large_image","twitter_misc":{"Dur\u00e9e de lecture estim\u00e9e":"4 minutes"},"schema":{"@context":"https:\/\/schema.org","@graph":[{"@type":"WebPage","@id":"https:\/\/www.cartonajessalinas.com\/fr\/la-culture-dentreprise\/histoire\/","url":"https:\/\/www.cartonajessalinas.com\/fr\/la-culture-dentreprise\/histoire\/","name":"Histoire - Cartonajes Salinas","isPartOf":{"@id":"https:\/\/www.cartonajessalinas.com\/fr\/#website"},"datePublished":"2014-09-02T12:06:56+00:00","dateModified":"2020-06-16T07:51:17+00:00","description":"Depuis 1995,Salinas a mis les moyens et les efforts n\u00e9cessaires pour concr\u00e9tiser sa mission : devenir une entreprise de r\u00e9f\u00e9rence dans le monde de l'emballage de luxe en carton rigide","breadcrumb":{"@id":"https:\/\/www.cartonajessalinas.com\/fr\/la-culture-dentreprise\/histoire\/#breadcrumb"},"inLanguage":"fr-FR","potentialAction":[{"@type":"ReadAction","target":["https:\/\/www.cartonajessalinas.com\/fr\/la-culture-dentreprise\/histoire\/"]}]},{"@type":"BreadcrumbList","@id":"https:\/\/www.cartonajessalinas.com\/fr\/la-culture-dentreprise\/histoire\/#breadcrumb","itemListElement":[{"@type":"ListItem","position":1,"name":"Home","item":"https:\/\/www.cartonajessalinas.com\/fr\/"},{"@type":"ListItem","position":2,"name":"Culture d&rsquo;entreprise","item":"https:\/\/www.cartonajessalinas.com\/fr\/la-culture-dentreprise\/"},{"@type":"ListItem","position":3,"name":"Histoire"}]},{"@type":"WebSite","@id":"https:\/\/www.cartonajessalinas.com\/fr\/#website","url":"https:\/\/www.cartonajessalinas.com\/fr\/","name":"Cartonajes Salinas","description":"Packaging de lujo. Cajas de cart\u00f3n.","potentialAction":[{"@type":"SearchAction","target":{"@type":"EntryPoint","urlTemplate":"https:\/\/www.cartonajessalinas.com\/fr\/?s={search_term_string}"},"query-input":{"@type":"PropertyValueSpecification","valueRequired":true,"valueName":"search_term_string"}}],"inLanguage":"fr-FR"}]}},"_links":{"self":[{"href":"https:\/\/www.cartonajessalinas.com\/fr\/wp-json\/wp\/v2\/pages\/361","targetHints":{"allow":["GET"]}}],"collection":[{"href":"https:\/\/www.cartonajessalinas.com\/fr\/wp-json\/wp\/v2\/pages"}],"about":[{"href":"https:\/\/www.cartonajessalinas.com\/fr\/wp-json\/wp\/v2\/types\/page"}],"author":[{"embeddable":true,"href":"https:\/\/www.cartonajessalinas.com\/fr\/wp-json\/wp\/v2\/users\/1"}],"replies":[{"embeddable":true,"href":"https:\/\/www.cartonajessalinas.com\/fr\/wp-json\/wp\/v2\/comments?post=361"}],"version-history":[{"count":0,"href":"https:\/\/www.cartonajessalinas.com\/fr\/wp-json\/wp\/v2\/pages\/361\/revisions"}],"up":[{"embeddable":true,"href":"https:\/\/www.cartonajessalinas.com\/fr\/wp-json\/wp\/v2\/pages\/357"}],"wp:attachment":[{"href":"https:\/\/www.cartonajessalinas.com\/fr\/wp-json\/wp\/v2\/media?parent=361"}],"curies":[{"name":"wp","href":"https:\/\/api.w.org\/{rel}","templated":true}]}}